{"id":2631,"date":"2024-01-18T07:33:54","date_gmt":"2024-01-18T12:33:54","guid":{"rendered":"https:\/\/milesdepartituras.com\/?page_id=2631"},"modified":"2025-01-26T22:45:32","modified_gmt":"2025-01-27T03:45:32","slug":"partituras-simplificadas","status":"publish","type":"page","link":"https:\/\/milesdepartituras.com\/?page_id=2631","title":{"rendered":"Partituras simplificadas"},"content":{"rendered":"<p>[vc_row gap=\u00bb5&#8243;][vc_column icons_position=\u00bbleft\u00bb][vc_single_image image=\u00bb2578&#8243; img_size=\u00bbmedium\u00bb alignment=\u00bbcenter\u00bb style=\u00bbvc_box_shadow_border_circle\u00bb css_animation=\u00bbfadeInLeft\u00bb][\/vc_column][\/vc_row][vc_row][vc_column icons_position=\u00bbleft\u00bb]<div id=\"sc_content_420614897\"\r\n\t\tclass=\"sc_content color_style_default sc_content_default sc_float_center\"><div class=\"sc_content_container\"><div id=\"sc_title_645677647\"\r\n\t\tclass=\"sc_title color_style_link3 sc_title_default  vc_custom_1737960168462\"><h4 class=\"sc_item_title sc_title_title sc_align_center sc_item_title_style_default sc_item_title_tag\">Partituras simples<\/h4><\/div><!-- \/.sc_title --><\/div><\/div><!-- \/.sc_content -->[\/vc_column][\/vc_row][vc_row][vc_column icons_position=\u00bbleft\u00bb][vc_column_text]El paquete incluye m\u00e1s de <strong>1,500 Temas o Partituras simples<\/strong> con cifrado americano, dise\u00f1adas para ser f\u00e1cilmente interpretadas con<strong> guitarra, \u00f3rgano electr\u00f3nico<\/strong> u otros instrumentos musicales.<\/p>\n<p>Ideal para m\u00fasicos de todos los niveles que buscan ampliar su repertorio con facilidad.<strong><br \/>\n<\/strong><\/p>\n<p><strong>Formato disponible:<\/strong> PDF, WinZip, WinRAR y JPG.\u00bb[\/vc_column_text][\/vc_column][\/vc_row][vc_row][vc_column extra_bg=\u00bbsmall\u00bb hide_bg_image_on_tablet=\u00bb\u00bb hide_bg_image_on_mobile=\u00bb\u00bb icons_position=\u00bbleft\u00bb][vc_raw_html]JTNDaWZyYW1lJTIwY2xhc3MlM0QlMjJ0YWJsYWRvYyUyMiUyMHNyYyUzRCUyMmh0dHBzJTNBJTJGJTJGbWlsZXNkZXBhcnRpdHVyYXMuY29tJTJGZHJpdmUlMkYlM0ZpZCUzRDJQQUNYLTF2U1Q5cWVxT0ZXT0dxMVV4SGFRSUJwaHBiUTZ0MWk3NXptMHlwM0dkQ1Q2cUo5YjE3YlpUTGlwTVRDSnNsbTJWTEpZSTh3ellRY1FGTTltJTIyJTNFJTNDJTJGaWZyYW1lJTNF[\/vc_raw_html][\/vc_column][\/vc_row]<\/p>\n","protected":false},"excerpt":{"rendered":"<p>[vc_row gap=\u00bb5&#8243;][vc_column icons_position=\u00bbleft\u00bb][vc_single_image image=\u00bb2578&#8243; img_size=\u00bbmedium\u00bb alignment=\u00bbcenter\u00bb style=\u00bbvc_box_shadow_border_circle\u00bb css_animation=\u00bbfadeInLeft\u00bb][\/vc_column][\/vc_row][vc_row][vc_column icons_position=\u00bbleft\u00bb][\/vc_column][\/vc_row][vc_row][vc_column icons_position=\u00bbleft\u00bb][vc_column_text]El paquete incluye m\u00e1s de 1,500 Temas o Partituras simples con cifrado americano, dise\u00f1adas para ser f\u00e1cilmente interpretadas con guitarra, \u00f3rgano electr\u00f3nico u otros instrumentos musicales. Ideal para m\u00fasicos de todos los niveles que buscan ampliar su repertorio con facilidad. Formato disponible: PDF, WinZip, WinRAR y JPG.\u00bb[\/vc_column_text][\/vc_column][\/vc_row][vc_row][vc_column extra_bg=\u00bbsmall\u00bb hide_bg_image_on_tablet=\u00bb\u00bb hide_bg_image_on_mobile=\u00bb\u00bb icons_position=\u00bbleft\u00bb][vc_raw_html]JTNDaWZyYW1lJTIwY2xhc3MlM0QlMjJ0YWJsYWRvYyUyMiUyMHNyYyUzRCUyMmh0dHBzJTNBJTJGJTJGbWlsZXNkZXBhcnRpdHVyYXMuY29tJTJGZHJpdmUlMkYlM0ZpZCUzRDJQQUNYLTF2U1Q5cWVxT0ZXT0dxMVV4SGFRSUJwaHBiUTZ0MWk3NXptMHlwM0dkQ1Q2cUo5YjE3YlpUTGlwTVRDSnNsbTJWTEpZSTh3ellRY1FGTTltJTIyJTNFJTNDJTJGaWZyYW1lJTNF[\/vc_raw_html][\/vc_column][\/vc_row]<\/p>\n","protected":false},"author":1,"featured_media":0,"parent":0,"menu_order":0,"comment_status":"closed","ping_status":"closed","template":"","meta":{"_joinchat":[],"footnotes":""},"class_list":["post-2631","page","type-page","status-publish","hentry"],"_links":{"self":[{"href":"https:\/\/milesdepartituras.com\/index.php?rest_route=\/wp\/v2\/pages\/2631","targetHints":{"allow":["GET"]}}],"collection":[{"href":"https:\/\/milesdepartituras.com\/index.php?rest_route=\/wp\/v2\/pages"}],"about":[{"href":"https:\/\/milesdepartituras.com\/index.php?rest_route=\/wp\/v2\/types\/page"}],"author":[{"embeddable":true,"href":"https:\/\/milesdepartituras.com\/index.php?rest_route=\/wp\/v2\/users\/1"}],"replies":[{"embeddable":true,"href":"https:\/\/milesdepartituras.com\/index.php?rest_route=%2Fwp%2Fv2%2Fcomments&post=2631"}],"version-history":[{"count":13,"href":"https:\/\/milesdepartituras.com\/index.php?rest_route=\/wp\/v2\/pages\/2631\/revisions"}],"predecessor-version":[{"id":3637,"href":"https:\/\/milesdepartituras.com\/index.php?rest_route=\/wp\/v2\/pages\/2631\/revisions\/3637"}],"wp:attachment":[{"href":"https:\/\/milesdepartituras.com\/index.php?rest_route=%2Fwp%2Fv2%2Fmedia&parent=2631"}],"curies":[{"name":"wp","href":"https:\/\/api.w.org\/{rel}","templated":true}]}}